{"id":67,"date":"2016-05-14T14:50:54","date_gmt":"2016-05-14T12:50:54","guid":{"rendered":"http:\/\/www.julk.at\/entwurf\/?page_id=67"},"modified":"2024-11-18T11:07:02","modified_gmt":"2024-11-18T10:07:02","slug":"aenderungen","status":"publish","type":"page","link":"http:\/\/www.mode-nach-mass.at\/?page_id=67","title":{"rendered":"\u00c4nderungen"},"content":{"rendered":"<h2>\u00c4nderungen\/ Service<\/h2>\n<p>Ihr neu gekauftes Kleidungsst\u00fcck hat noch nicht die richtige Passform?<br \/>\nVielleicht sind bei ihrem Lieblingsst\u00fcck diverse Kleinigkeiten zu richten?<br \/>\nGerne \u00fcbernehme ich verschiedenste \u00c4nderungsw\u00fcnsche oder Reparaturen an ihrem Kleidungsst\u00fcck.<\/p>\n<p>Mein Service gilt auch beim fertigen, bereits getragenen ma\u00dfgeschneiderten Kleidungsst\u00fcck. Um Langlebigkeit und gutes Aussehen zu garantieren, ist sorgf\u00e4ltige Pflege wichtig. Gerne \u00fcbernehme ich gelegentliches Aufb\u00fcgeln ihres Kleidungsst\u00fcckes.<\/p>\n","protected":false},"excerpt":{"rendered":"<p>\u00c4nderungen\/ Service Ihr neu gekauftes Kleidungsst\u00fcck hat noch nicht die richtige Passform? Vielleicht sind bei ihrem Lieblingsst\u00fcck diverse Kleinigkeiten zu richten? Gerne \u00fcbernehme ich verschiedenste \u00c4nderungsw\u00fcnsche oder Reparaturen an ihrem Kleidungsst\u00fcck. Mein Service gilt auch beim fertigen, bereits getragenen ma\u00dfgeschneiderten Kleidungsst\u00fcck. Um Langlebigkeit und gutes Aussehen zu garantieren, ist sorgf\u00e4ltige Pflege wichtig. Gerne \u00fcbernehme ich<a class=\"moretag\" href=\"http:\/\/www.mode-nach-mass.at\/?page_id=67\"><span class=\"screen-reader-text\">Read more about \u00c4nderungen<\/span>[&#8230;]<\/a><\/p>\n","protected":false},"author":1,"featured_media":0,"parent":0,"menu_order":0,"comment_status":"closed","ping_status":"closed","template":"","meta":{"footnotes":""},"class_list":["post-67","page","type-page","status-publish","hentry"],"_links":{"self":[{"href":"http:\/\/www.mode-nach-mass.at\/index.php?rest_route=\/wp\/v2\/pages\/67"}],"collection":[{"href":"http:\/\/www.mode-nach-mass.at\/index.php?rest_route=\/wp\/v2\/pages"}],"about":[{"href":"http:\/\/www.mode-nach-mass.at\/index.php?rest_route=\/wp\/v2\/types\/page"}],"author":[{"embeddable":true,"href":"http:\/\/www.mode-nach-mass.at\/index.php?rest_route=\/wp\/v2\/users\/1"}],"replies":[{"embeddable":true,"href":"http:\/\/www.mode-nach-mass.at\/index.php?rest_route=%2Fwp%2Fv2%2Fcomments&post=67"}],"version-history":[{"count":1,"href":"http:\/\/www.mode-nach-mass.at\/index.php?rest_route=\/wp\/v2\/pages\/67\/revisions"}],"predecessor-version":[{"id":1113,"href":"http:\/\/www.mode-nach-mass.at\/index.php?rest_route=\/wp\/v2\/pages\/67\/revisions\/1113"}],"wp:attachment":[{"href":"http:\/\/www.mode-nach-mass.at\/index.php?rest_route=%2Fwp%2Fv2%2Fmedia&parent=67"}],"curies":[{"name":"wp","href":"https:\/\/api.w.org\/{rel}","templated":true}]}}